{"id":30121,"date":"2023-06-21T22:35:02","date_gmt":"2023-06-21T20:35:02","guid":{"rendered":"https:\/\/telomere.ch\/publications\/"},"modified":"2026-01-08T17:20:52","modified_gmt":"2026-01-08T16:20:52","slug":"publications","status":"publish","type":"page","link":"https:\/\/telomere.ch\/en\/publications\/","title":{"rendered":"Publications"},"content":{"rendered":"<p>[et_pb_section fb_built=&#8221;1&#8243; admin_label=&#8221;Header&#8221; _builder_version=&#8221;4.27.4&#8243; _module_preset=&#8221;default&#8221; background_enable_color=&#8221;off&#8221; use_background_color_gradient=&#8221;on&#8221; background_color_gradient_stops=&#8221;#ffffff 0%|#ffffff 24%|rgba(255,255,255,0.15) 100%&#8221; background_color_gradient_overlays_image=&#8221;on&#8221; background_image=&#8221;https:\/\/telomere.ch\/wp-content\/uploads\/2023\/06\/1755wsqzce8.jpg&#8221; background_enable_video_mp4=&#8221;off&#8221; custom_padding=&#8221;0vw||0vw||false|false&#8221; collapsed=&#8221;on&#8221; global_colors_info=&#8221;{}&#8221;][et_pb_row column_structure=&#8221;1_4,1_2,1_4&#8243; disabled_on=&#8221;off|off|off&#8221; _builder_version=&#8221;4.27.4&#8243; _module_preset=&#8221;default&#8221; background_color=&#8221;rgba(98,140,224,0.03)&#8221; background_enable_color=&#8221;off&#8221; width=&#8221;100%&#8221; max_width=&#8221;2560px&#8221; custom_margin=&#8221;|auto|0px|auto|false|false&#8221; custom_padding=&#8221;30px|2%|2px|2%|false|true&#8221; global_module=&#8221;44390&#8243; saved_tabs=&#8221;all&#8221; global_colors_info=&#8221;{}&#8221;][et_pb_column type=&#8221;1_4&#8243; _builder_version=&#8221;4.22.1&#8243; _module_preset=&#8221;default&#8221; global_colors_info=&#8221;{}&#8221;][et_pb_image src=&#8221;https:\/\/telomere.ch\/wp-content\/uploads\/2023\/04\/logo_site_telomere.png&#8221; title_text=&#8221;logo_site_telomere&#8221; url=&#8221;https:\/\/telomere.ch\/en\/&#8221; disabled_on=&#8221;off|off|off&#8221; _builder_version=&#8221;4.27.4&#8243; _module_preset=&#8221;default&#8221; width_tablet=&#8221;&#8221; width_phone=&#8221;87%&#8221; width_last_edited=&#8221;on|phone&#8221; module_alignment=&#8221;center&#8221; global_colors_info=&#8221;{}&#8221;][\/et_pb_image][\/et_pb_column][et_pb_column type=&#8221;1_2&#8243; _builder_version=&#8221;4.27.4&#8243; _module_preset=&#8221;default&#8221; z_index=&#8221;9999999999&#8243; custom_css_main_element=&#8221;display: flex;||justify-content: center; &#8221; global_colors_info=&#8221;{}&#8221; custom_css_main_element_tablet=&#8221;display: block;&#8221; custom_css_main_element_last_edited=&#8221;on|phone&#8221; custom_css_main_element_phone=&#8221;display: block;&#8221;][et_pb_menu menu_id=&#8221;5&#8243; menu_style=&#8221;centered&#8221; submenu_direction=&#8221;downwards&#8221; dropdown_menu_bg_color=&#8221;rgba(255,255,255,0.92)&#8221; dropdown_menu_line_color=&#8221;#2D3654&#8243; dropdown_menu_text_color=&#8221;#2D3654&#8243; dropdown_menu_active_link_color=&#8221;#628CE0&#8243; mobile_menu_bg_color=&#8221;#FFFFFF&#8221; menu_icon_color=&#8221;#2D3654&#8243; disabled_on=&#8221;off|off|off&#8221; _builder_version=&#8221;4.27.4&#8243; _module_preset=&#8221;default&#8221; menu_font=&#8221;|300|||||||&#8221; menu_text_color=&#8221;#000000&#8243; menu_font_size=&#8221;19px&#8221; background_enable_color=&#8221;off&#8221; custom_margin=&#8221;29px|||||&#8221; custom_margin_tablet=&#8221;29px|||||&#8221; custom_margin_phone=&#8221;-36px||||false|false&#8221; custom_margin_last_edited=&#8221;on|phone&#8221; locked=&#8221;off&#8221; global_colors_info=&#8221;{}&#8221;][\/et_pb_menu][et_pb_code _builder_version=&#8221;4.27.4&#8243; _module_preset=&#8221;default&#8221; background_enable_color=&#8221;off&#8221; position_origin_a=&#8221;top_right&#8221; position_origin_a_tablet=&#8221;&#8221; position_origin_a_phone=&#8221;&#8221; position_origin_a_last_edited=&#8221;on|tablet&#8221; position_origin_f_tablet=&#8221;&#8221; position_origin_f_phone=&#8221;&#8221; position_origin_f_last_edited=&#8221;on|tablet&#8221; position_origin_r_tablet=&#8221;&#8221; position_origin_r_phone=&#8221;&#8221; position_origin_r_last_edited=&#8221;on|tablet&#8221; width_tablet=&#8221;&#8221; width_phone=&#8221;&#8221; width_last_edited=&#8221;on|tablet&#8221; custom_margin=&#8221;29px|||||&#8221; custom_margin_tablet=&#8221;32px||||false|false&#8221; custom_margin_phone=&#8221;-34px||||false|false&#8221; custom_margin_last_edited=&#8221;on|phone&#8221; custom_padding=&#8221;||||false|false&#8221; positioning_tablet=&#8221;absolute&#8221; positioning_phone=&#8221;&#8221; positioning_last_edited=&#8221;on|tablet&#8221; locked=&#8221;off&#8221; global_colors_info=&#8221;{}&#8221;]\n<div role=\"navigation\" aria-label=\"Language Switcher\" class=\"wpml-ls-statics-shortcode_actions wpml-ls wpml-ls-legacy-list-vertical\">\n\t<ul>\n\n\t\t\t\t\t<li class=\"wpml-ls-slot-shortcode_actions wpml-ls-item wpml-ls-item-fr wpml-ls-first-item wpml-ls-last-item wpml-ls-item-legacy-list-vertical\">\n\t\t\t\t<a href=\"https:\/\/telomere.ch\/\" hreflang=\"fr\" lang=\"fr\" class=\"wpml-ls-link\" aria-label=\"Switch to Fran\u00e7ais\" title=\"Switch to Fran\u00e7ais\">\n\t\t\t\t\t                                    <img decoding=\"async\"\n            class=\"wpml-ls-flag\"\n            src=\"https:\/\/telomere.ch\/wp-content\/plugins\/sitepress-multilingual-cms\/res\/flags\/fr.svg\"\n            alt=\"\"\n            loading=\"lazy\"\n            width=18\n            height=12\n    \/><span class=\"wpml-ls-native\">Fran\u00e7ais<\/span><\/a>\n\t\t\t<\/li>\n\t\t\n\t<\/ul>\n<\/div>\n[\/et_pb_code][\/et_pb_column][et_pb_column type=&#8221;1_4&#8243; _builder_version=&#8221;4.21.0&#8243; _module_preset=&#8221;default&#8221; global_colors_info=&#8221;{}&#8221;][et_pb_button button_url=&#8221;@ET-DC@eyJkeW5hbWljIjp0cnVlLCJjb250ZW50IjoicG9zdF9saW5rX3VybF9wYWdlIiwic2V0dGluZ3MiOnsicG9zdF9pZCI6IjI5NDU2In19@&#8221; button_text=&#8221;Schedule an appointment&#8221; button_alignment_tablet=&#8221;center&#8221; button_alignment_phone=&#8221;&#8221; button_alignment_last_edited=&#8221;on|phone&#8221; _builder_version=&#8221;4.27.5&#8243; _dynamic_attributes=&#8221;button_url&#8221; _module_preset=&#8221;default&#8221; custom_button=&#8221;on&#8221; button_text_size=&#8221;16px&#8221; button_text_color=&#8221;#2D3654&#8243; button_border_width=&#8221;2px&#8221; button_border_color=&#8221;#628CE0&#8243; button_letter_spacing=&#8221;3px&#8221; button_font=&#8221;Inter|||on|||||&#8221; button_icon=&#8221;&#x4c;||divi||400&#8243; button_icon_color=&#8221;#FFFFFF&#8221; global_colors_info=&#8221;{}&#8221;][\/et_pb_button][\/et_pb_column][\/et_pb_row][et_pb_row use_custom_gutter=&#8221;on&#8221; gutter_width=&#8221;4&#8243; custom_padding_last_edited=&#8221;on|desktop&#8221; _builder_version=&#8221;4.27.4&#8243; _module_preset=&#8221;default&#8221; background_color=&#8221;rgba(98,140,224,0.03)&#8221; width=&#8221;100%&#8221; max_width=&#8221;2560px&#8221; module_alignment=&#8221;center&#8221; custom_margin=&#8221;|auto|-2px|auto||&#8221; custom_padding=&#8221;3px|15%|66px||false|false&#8221; custom_padding_tablet=&#8221;107px|15%|74px||false|false&#8221; custom_padding_phone=&#8221;0px|0%|74px||false|false&#8221; global_colors_info=&#8221;{}&#8221;][et_pb_column type=&#8221;4_4&#8243; _builder_version=&#8221;4.22.1&#8243; _module_preset=&#8221;default&#8221; custom_padding=&#8221;5%|||15%|false|false&#8221; custom_padding_tablet=&#8221;5%|||15%|false|false&#8221; custom_padding_phone=&#8221;5%|||0%|false|false&#8221; custom_padding_last_edited=&#8221;on|desktop&#8221; global_colors_info=&#8221;{}&#8221;][et_pb_text _builder_version=&#8221;4.27.5&#8243; _module_preset=&#8221;5f7de314-5d0f-4002-9615-106168fee68b&#8221; header_text_align=&#8221;center&#8221; header_text_color=&#8221;#2D3654&#8243; header_font_size=&#8221;54px&#8221; max_width_tablet=&#8221;&#8221; max_width_phone=&#8221;94%&#8221; max_width_last_edited=&#8221;on|phone&#8221; custom_padding=&#8221;||21px|||&#8221; hover_enabled=&#8221;0&#8243; header_font_size_tablet=&#8221;54px&#8221; header_font_size_phone=&#8221;36px&#8221; header_font_size_last_edited=&#8221;on|phone&#8221; module_alignment_phone=&#8221;center&#8221; global_colors_info=&#8221;{}&#8221; sticky_enabled=&#8221;0&#8243;]<\/p>\n<h1>Welcome to our insights area<\/h1>\n<p>[\/et_pb_text][\/et_pb_column][\/et_pb_row][\/et_pb_section][et_pb_section fb_built=&#8221;1&#8243; module_id=&#8221;actus&#8221; _builder_version=&#8221;4.22.1&#8243; _module_preset=&#8221;default&#8221; background_color=&#8221;rgba(98,140,224,0.02)&#8221; custom_padding=&#8221;30px||13px|||&#8221; global_colors_info=&#8221;{}&#8221;][et_pb_row module_id=&#8221;redactions&#8221; _builder_version=&#8221;4.22.2&#8243; _module_preset=&#8221;default&#8221; max_width=&#8221;1300px&#8221; custom_padding=&#8221;43px|||||&#8221; global_colors_info=&#8221;{}&#8221;][et_pb_column type=&#8221;4_4&#8243; _builder_version=&#8221;4.21.0&#8243; _module_preset=&#8221;default&#8221; global_colors_info=&#8221;{}&#8221;][et_pb_blog fullwidth=&#8221;off&#8221; posts_number=&#8221;50&#8243; include_categories=&#8221;36,35,38,39,34,37,48,33&#8243; show_more=&#8221;on&#8221; show_author=&#8221;off&#8221; use_overlay=&#8221;on&#8221; overlay_icon_color=&#8221;#628CE0&#8243; hover_overlay_color=&#8221;rgba(183,183,183,0.85)&#8221; hover_icon=&#8221;&#x50;||divi||400&#8243; _builder_version=&#8221;4.27.5&#8243; _module_preset=&#8221;default&#8221; header_text_color=&#8221;#2D3654&#8243; header_font_size=&#8221;30px&#8221; header_line_height=&#8221;1.2em&#8221; body_font=&#8221;|300|||||||&#8221; body_text_color=&#8221;#2D3654&#8243; body_font_size=&#8221;20px&#8221; meta_text_color=&#8221;#628CE0&#8243; meta_font_size=&#8221;17px&#8221; read_more_font=&#8221;|800||on|||||&#8221; read_more_text_color=&#8221;#628CE0&#8243; read_more_font_size=&#8221;19px&#8221; read_more_line_height=&#8221;2.2em&#8221; border_radii=&#8221;on|15px|15px|15px|15px&#8221; global_colors_info=&#8221;{}&#8221;][\/et_pb_blog][\/et_pb_column][\/et_pb_row][\/et_pb_section][et_pb_section fb_built=&#8221;1&#8243; admin_label=&#8221;DLE Footer 86&#8243; _builder_version=&#8221;4.27.4&#8243; _module_preset=&#8221;default&#8221; background_enable_color=&#8221;off&#8221; use_background_color_gradient=&#8221;on&#8221; background_color_gradient_stops=&#8221;#ffffff 0%|rgba(148,173,224,0.61) 100%&#8221; background_color_gradient_overlays_image=&#8221;on&#8221; background_image=&#8221;https:\/\/telomere.ch\/wp-content\/uploads\/2023\/11\/AdobeStock_362549342-2.jpeg&#8221; parallax=&#8221;on&#8221; custom_padding=&#8221;60px||0px||false|false&#8221; saved_tabs=&#8221;all&#8221; locked=&#8221;off&#8221; global_colors_info=&#8221;{}&#8221;][et_pb_row column_structure=&#8221;1_3,1_3,1_3&#8243; _builder_version=&#8221;4.27.4&#8243; _module_preset=&#8221;default&#8221; max_width=&#8221;1300px&#8221; custom_padding=&#8221;0px|||||&#8221; global_colors_info=&#8221;{}&#8221;][et_pb_column type=&#8221;1_3&#8243; _builder_version=&#8221;4.16&#8243; _module_preset=&#8221;default&#8221; global_colors_info=&#8221;{}&#8221;][et_pb_image src=&#8221;https:\/\/telomere.ch\/wp-content\/uploads\/2023\/04\/logo_site_telomere.png&#8221; title_text=&#8221;logo_site_telomere&#8221; align=&#8221;center&#8221; _builder_version=&#8221;4.22.2&#8243; _module_preset=&#8221;f4c145ac-2c60-43e8-89fc-f9c1ddaf5626&#8243; width=&#8221;81%&#8221; width_tablet=&#8221;&#8221; width_phone=&#8221;100%&#8221; width_last_edited=&#8221;on|phone&#8221; module_alignment=&#8221;left&#8221; custom_margin=&#8221;||-4px|||&#8221; custom_margin_tablet=&#8221;&#8221; custom_margin_phone=&#8221;||30px||false|false&#8221; custom_margin_last_edited=&#8221;on|phone&#8221; global_colors_info=&#8221;{}&#8221;][\/et_pb_image][et_pb_blurb title=&#8221;+41 (0) 22 318 58 80&#8243; url=&#8221;tel:+41223185880&#8243; use_icon=&#8221;on&#8221; font_icon=&#8221;&#xe00b;||divi||400&#8243; icon_color=&#8221;#000000&#8243; icon_placement=&#8221;left&#8221; image_icon_width=&#8221;24px&#8221; content_max_width=&#8221;100%&#8221; admin_label=&#8221;Phone&#8221; _builder_version=&#8221;4.27.4&#8243; _module_preset=&#8221;default&#8221; header_font=&#8221;|300|||||||&#8221; header_text_color=&#8221;#000000&#8243; header_font_size=&#8221;18px&#8221; header_letter_spacing=&#8221;1px&#8221; header_line_height=&#8221;1.4em&#8221; custom_margin=&#8221;9px||19px||false|false&#8221; custom_margin_tablet=&#8221;||20px||false|false&#8221; custom_margin_phone=&#8221;||0px||false|false&#8221; custom_margin_last_edited=&#8221;on|phone&#8221; animation=&#8221;off&#8221; custom_css_blurb_title=&#8221;margin-left: -15px !important;&#8221; icon_font_size=&#8221;24px&#8221; locked=&#8221;off&#8221; global_colors_info=&#8221;{}&#8221; header_text_color__hover_enabled=&#8221;on|desktop&#8221; header_text_color__hover=&#8221;#628CE0&#8243; icon_color__hover_enabled=&#8221;on|hover&#8221; icon_color__hover=&#8221;#000000&#8243;][\/et_pb_blurb][et_pb_blurb title=&#8221;Route des Acacias 54, 1227 Carouge, Gen\u00e8ve, Suisse&#8221; url=&#8221;https:\/\/maps.app.goo.gl\/WUMZe1ZqAAb94mX77&#8243; url_new_window=&#8221;on&#8221; use_icon=&#8221;on&#8221; font_icon=&#8221;&#xe081;||divi||400&#8243; icon_color=&#8221;#000000&#8243; icon_placement=&#8221;left&#8221; image_icon_width=&#8221;24px&#8221; content_max_width=&#8221;100%&#8221; admin_label=&#8221;Address&#8221; _builder_version=&#8221;4.23.1&#8243; _module_preset=&#8221;default&#8221; header_font=&#8221;|300|||||||&#8221; header_text_color=&#8221;#000000&#8243; header_font_size=&#8221;18px&#8221; header_line_height=&#8221;1.4em&#8221; custom_margin=&#8221;||1px||false|false&#8221; custom_margin_tablet=&#8221;&#8221; custom_margin_phone=&#8221;||0px||false|false&#8221; custom_margin_last_edited=&#8221;on|phone&#8221; custom_padding=&#8221;||23px|||&#8221; custom_padding_tablet=&#8221;&#8221; custom_padding_phone=&#8221;||0px||false|false&#8221; custom_padding_last_edited=&#8221;on|phone&#8221; animation=&#8221;off&#8221; custom_css_blurb_title=&#8221;margin-left: -15px !important;&#8221; icon_font_size=&#8221;24px&#8221; locked=&#8221;off&#8221; global_colors_info=&#8221;{}&#8221; icon_color__hover=&#8221;#000000&#8243; icon_color__hover_enabled=&#8221;on|hover&#8221; header_text_color__hover=&#8221;#628CE0&#8243; header_text_color__hover_enabled=&#8221;on|hover&#8221;][\/et_pb_blurb][\/et_pb_column][et_pb_column type=&#8221;1_3&#8243; _builder_version=&#8221;4.16&#8243; _module_preset=&#8221;default&#8221; global_colors_info=&#8221;{}&#8221;][et_pb_button button_url=&#8221;@ET-DC@eyJkeW5hbWljIjp0cnVlLCJjb250ZW50IjoicG9zdF9saW5rX3VybF9wYWdlIiwic2V0dGluZ3MiOnsicG9zdF9pZCI6IjI5NDU2In19@&#8221; button_text=&#8221;Schedule an appointement&#8221; button_alignment=&#8221;center&#8221; _builder_version=&#8221;4.27.4&#8243; _dynamic_attributes=&#8221;button_url&#8221; _module_preset=&#8221;default&#8221; custom_button=&#8221;on&#8221; button_text_size=&#8221;16px&#8221; button_text_color=&#8221;#2D3654&#8243; button_border_width=&#8221;2px&#8221; button_border_color=&#8221;#628CE0&#8243; button_letter_spacing=&#8221;3px&#8221; button_font=&#8221;Inter|||on|||||&#8221; button_icon=&#8221;&#x4c;||divi||400&#8243; button_icon_color=&#8221;#FFFFFF&#8221; global_colors_info=&#8221;{}&#8221;][\/et_pb_button][et_pb_button button_url=&#8221;@ET-DC@eyJkeW5hbWljIjp0cnVlLCJjb250ZW50IjoicG9zdF9saW5rX3VybF9wYWdlIiwic2V0dGluZ3MiOnsicG9zdF9pZCI6IjMifX0=@&#8221; button_text=&#8221;Legal notice&#8221; button_alignment=&#8221;center&#8221; _builder_version=&#8221;4.27.4&#8243; _dynamic_attributes=&#8221;button_url&#8221; _module_preset=&#8221;default&#8221; custom_button=&#8221;on&#8221; button_text_size=&#8221;16px&#8221; button_text_color=&#8221;#2D3654&#8243; button_border_width=&#8221;2px&#8221; button_border_color=&#8221;#628CE0&#8243; button_letter_spacing=&#8221;3px&#8221; button_font=&#8221;Inter|||on|||||&#8221; button_icon=&#8221;&#x4c;||divi||400&#8243; button_icon_color=&#8221;#FFFFFF&#8221; global_colors_info=&#8221;{}&#8221;][\/et_pb_button][et_pb_social_media_follow _builder_version=&#8221;4.27.5&#8243; _module_preset=&#8221;default&#8221; text_orientation=&#8221;center&#8221; custom_margin=&#8221;||38px|||&#8221; custom_margin_tablet=&#8221;&#8221; custom_margin_phone=&#8221;||0px||false|false&#8221; custom_margin_last_edited=&#8221;on|phone&#8221; text_orientation_tablet=&#8221;&#8221; text_orientation_phone=&#8221;center&#8221; text_orientation_last_edited=&#8221;on|phone&#8221; custom_css_main_element=&#8221;display: flex;||flex-direction: column;&#8221; border_radii=&#8221;on|0px|0px|0px|0px&#8221; global_colors_info=&#8221;{}&#8221; custom_css_main_element_last_edited=&#8221;on|tablet&#8221; custom_css_main_element_tablet=&#8221;display: block;&#8221; custom_css_main_element_phone=&#8221;display: block;&#8221;][et_pb_social_media_follow_network social_network=&#8221;linkedin&#8221; url=&#8221;https:\/\/www.linkedin.com\/company\/telomere-capital\/&#8221; _builder_version=&#8221;4.22.1&#8243; _module_preset=&#8221;default&#8221; background_color=&#8221;#007bb6&#8243; global_colors_info=&#8221;{}&#8221; follow_button=&#8221;off&#8221; url_new_window=&#8221;on&#8221;]linkedin[\/et_pb_social_media_follow_network][\/et_pb_social_media_follow][\/et_pb_column][et_pb_column type=&#8221;1_3&#8243; _builder_version=&#8221;4.16&#8243; _module_preset=&#8221;default&#8221; global_colors_info=&#8221;{}&#8221;][et_pb_text _builder_version=&#8221;4.27.4&#8243; _module_preset=&#8221;5f7de314-5d0f-4002-9615-106168fee68b&#8221; text_font=&#8221;|300|||||||&#8221; text_text_color=&#8221;#2D3654&#8243; text_font_size=&#8221;17px&#8221; link_text_align=&#8221;center&#8221; link_text_color=&#8221;#2D3654&#8243; text_orientation=&#8221;center&#8221; min_height=&#8221;27.4px&#8221; custom_margin=&#8221;20px|0px|0px|0px|false|false&#8221; link_option_url=&#8221;https:\/\/www.finma.ch\/fr\/&#8221; link_option_url_new_window=&#8221;on&#8221; global_colors_info=&#8221;{}&#8221; link_text_color__hover_enabled=&#8221;on|hover&#8221; link_text_color__hover=&#8221;#628CE0&#8243;]<\/p>\n<p>D\u00e9tenteur <span style=\"text-decoration: underline;\"><a href=\"https:\/\/www.finma.ch\/fr\/\" target=\"_blank\" rel=\"noopener\">Licence FINMA<\/a><\/span> (depuis juin 2022)<\/p>\n<p>[\/et_pb_text][et_pb_text admin_label=&#8221;Copyright Text&#8221; _builder_version=&#8221;4.27.4&#8243; _dynamic_attributes=&#8221;content&#8221; _module_preset=&#8221;5f7de314-5d0f-4002-9615-106168fee68b&#8221; text_font=&#8221;|300|||||||&#8221; text_text_color=&#8221;#2D3654&#8243; text_font_size=&#8221;17px&#8221; header_text_align=&#8221;center&#8221; header_font_size=&#8221;32px&#8221; header_6_line_height=&#8221;1.3em&#8221; text_orientation=&#8221;center&#8221; custom_margin=&#8221;73px||12px||false|false&#8221; text_font_size_tablet=&#8221;14px&#8221; text_font_size_phone=&#8221;14px&#8221; text_font_size_last_edited=&#8221;on|tablet&#8221; text_orientation_tablet=&#8221;left&#8221; text_orientation_phone=&#8221;center&#8221; text_orientation_last_edited=&#8221;on|phone&#8221; locked=&#8221;off&#8221; global_colors_info=&#8221;{}&#8221;]@ET-DC@eyJkeW5hbWljIjp0cnVlLCJjb250ZW50IjoiY3VycmVudF9kYXRlIiwic2V0dGluZ3MiOnsiYmVmb3JlIjoiXHUwMGE5IFRlbG9tZXJlIENhcGl0YWwgIiwiYWZ0ZXIiOiIgfCBBbGwgcmlnaHRzIFJlc2VydmVkLiIsImRhdGVfZm9ybWF0IjoiY3VzdG9tIiwiY3VzdG9tX2RhdGVfZm9ybWF0IjoiWSJ9fQ==@[\/et_pb_text][et_pb_text _builder_version=&#8221;4.23.1&#8243; _module_preset=&#8221;5f7de314-5d0f-4002-9615-106168fee68b&#8221; text_font=&#8221;|300|||||||&#8221; text_text_color=&#8221;#2D3654&#8243; text_font_size=&#8221;17px&#8221; link_text_align=&#8221;center&#8221; link_text_color=&#8221;#2D3654&#8243; text_orientation=&#8221;center&#8221; global_colors_info=&#8221;{}&#8221; link_text_color__hover_enabled=&#8221;on|hover&#8221; link_text_color__hover=&#8221;#628CE0&#8243;]<\/p>\n<p>Site r\u00e9alis\u00e9 par <a href=\"https:\/\/shbrands.ch\" target=\"_blank\" rel=\"noopener\">Swiss House of Brands<\/a><\/p>\n<p>[\/et_pb_text][\/et_pb_column][\/et_pb_row][\/et_pb_section]<\/p>\n","protected":false},"excerpt":{"rendered":"<p>\n<div role=\"navigation\" aria-label=\"Language Switcher\" class=\"wpml-ls-statics-shortcode_actions wpml-ls wpml-ls-legacy-list-vertical\">\n\t<ul>\n\n\t\t\t\t\t<li class=\"wpml-ls-slot-shortcode_actions wpml-ls-item wpml-ls-item-fr wpml-ls-first-item wpml-ls-last-item wpml-ls-item-legacy-list-vertical\">\n\t\t\t\t<a href=\"https:\/\/telomere.ch\/\" hreflang=\"fr\" lang=\"fr\" class=\"wpml-ls-link\" aria-label=\"Switch to Fran\u00e7ais\" title=\"Switch to Fran\u00e7ais\">\n\t\t\t\t\t                                    <img decoding=\"async\"\n            class=\"wpml-ls-flag\"\n            src=\"https:\/\/telomere.ch\/wp-content\/plugins\/sitepress-multilingual-cms\/res\/flags\/fr.svg\"\n            alt=\"\"\n            loading=\"lazy\"\n            width=18\n            height=12\n    \/><span class=\"wpml-ls-native\">Fran\u00e7ais<\/span><\/a>\n\t\t\t<\/li>\n\t\t\n\t<\/ul>\n<\/div>\nWelcome to our insights areaD\u00e9tenteur Licence FINMA (depuis juin 2022)Site r\u00e9alis\u00e9 par Swiss House of Brands<\/p>\n","protected":false},"author":1,"featured_media":0,"parent":0,"menu_order":0,"comment_status":"closed","ping_status":"closed","template":"page-template-blank.php","meta":{"_et_pb_use_builder":"on","_et_pb_old_content":"","_et_gb_content_width":"","footnotes":""},"class_list":["post-30121","page","type-page","status-publish","hentry"],"yoast_head":"<!-- This site is optimized with the Yoast SEO plugin v27.2 - https:\/\/yoast.com\/product\/yoast-seo-wordpress\/ -->\n<title>Publications - Telomere Capital<\/title>\n<meta name=\"robots\" content=\"index, follow, max-snippet:-1, max-image-preview:large, max-video-preview:-1\" \/>\n<link rel=\"canonical\" href=\"https:\/\/telomere.ch\/en\/publications\/\" \/>\n<meta property=\"og:locale\" content=\"en_US\" \/>\n<meta property=\"og:type\" content=\"article\" \/>\n<meta property=\"og:title\" content=\"Publications - Telomere Capital\" \/>\n<meta property=\"og:description\" content=\"Welcome to our insights areaD\u00e9tenteur Licence FINMA (depuis juin 2022)Site r\u00e9alis\u00e9 par Swiss House of Brands\" \/>\n<meta property=\"og:url\" content=\"https:\/\/telomere.ch\/en\/publications\/\" \/>\n<meta property=\"og:site_name\" content=\"Telomere Capital\" \/>\n<meta property=\"article:modified_time\" content=\"2026-01-08T16:20:52+00:00\" \/>\n<meta name=\"twitter:card\" content=\"summary_large_image\" \/>\n<meta name=\"twitter:label1\" content=\"Est. reading time\" \/>\n\t<meta name=\"twitter:data1\" content=\"14 minutes\" \/>\n<script type=\"application\/ld+json\" class=\"yoast-schema-graph\">{\"@context\":\"https:\/\/schema.org\",\"@graph\":[{\"@type\":\"WebPage\",\"@id\":\"https:\/\/telomere.ch\/en\/publications\/\",\"url\":\"https:\/\/telomere.ch\/en\/publications\/\",\"name\":\"Publications - Telomere Capital\",\"isPartOf\":{\"@id\":\"https:\/\/telomere.ch\/en\/#website\"},\"datePublished\":\"2023-06-21T20:35:02+00:00\",\"dateModified\":\"2026-01-08T16:20:52+00:00\",\"breadcrumb\":{\"@id\":\"https:\/\/telomere.ch\/en\/publications\/#breadcrumb\"},\"inLanguage\":\"en-US\",\"potentialAction\":[{\"@type\":\"ReadAction\",\"target\":[\"https:\/\/telomere.ch\/en\/publications\/\"]}]},{\"@type\":\"BreadcrumbList\",\"@id\":\"https:\/\/telomere.ch\/en\/publications\/#breadcrumb\",\"itemListElement\":[{\"@type\":\"ListItem\",\"position\":1,\"name\":\"Accueil\",\"item\":\"https:\/\/telomere.ch\/en\/home\/\"},{\"@type\":\"ListItem\",\"position\":2,\"name\":\"Publications\"}]},{\"@type\":\"WebSite\",\"@id\":\"https:\/\/telomere.ch\/en\/#website\",\"url\":\"https:\/\/telomere.ch\/en\/\",\"name\":\"Telomere Capital\",\"description\":\"TELOMERE Capital\",\"potentialAction\":[{\"@type\":\"SearchAction\",\"target\":{\"@type\":\"EntryPoint\",\"urlTemplate\":\"https:\/\/telomere.ch\/en\/?s={search_term_string}\"},\"query-input\":{\"@type\":\"PropertyValueSpecification\",\"valueRequired\":true,\"valueName\":\"search_term_string\"}}],\"inLanguage\":\"en-US\"}]}<\/script>\n<!-- \/ Yoast SEO plugin. -->","yoast_head_json":{"title":"Publications - Telomere Capital","robots":{"index":"index","follow":"follow","max-snippet":"max-snippet:-1","max-image-preview":"max-image-preview:large","max-video-preview":"max-video-preview:-1"},"canonical":"https:\/\/telomere.ch\/en\/publications\/","og_locale":"en_US","og_type":"article","og_title":"Publications - Telomere Capital","og_description":"Welcome to our insights areaD\u00e9tenteur Licence FINMA (depuis juin 2022)Site r\u00e9alis\u00e9 par Swiss House of Brands","og_url":"https:\/\/telomere.ch\/en\/publications\/","og_site_name":"Telomere Capital","article_modified_time":"2026-01-08T16:20:52+00:00","twitter_card":"summary_large_image","twitter_misc":{"Est. reading time":"14 minutes"},"schema":{"@context":"https:\/\/schema.org","@graph":[{"@type":"WebPage","@id":"https:\/\/telomere.ch\/en\/publications\/","url":"https:\/\/telomere.ch\/en\/publications\/","name":"Publications - Telomere Capital","isPartOf":{"@id":"https:\/\/telomere.ch\/en\/#website"},"datePublished":"2023-06-21T20:35:02+00:00","dateModified":"2026-01-08T16:20:52+00:00","breadcrumb":{"@id":"https:\/\/telomere.ch\/en\/publications\/#breadcrumb"},"inLanguage":"en-US","potentialAction":[{"@type":"ReadAction","target":["https:\/\/telomere.ch\/en\/publications\/"]}]},{"@type":"BreadcrumbList","@id":"https:\/\/telomere.ch\/en\/publications\/#breadcrumb","itemListElement":[{"@type":"ListItem","position":1,"name":"Accueil","item":"https:\/\/telomere.ch\/en\/home\/"},{"@type":"ListItem","position":2,"name":"Publications"}]},{"@type":"WebSite","@id":"https:\/\/telomere.ch\/en\/#website","url":"https:\/\/telomere.ch\/en\/","name":"Telomere Capital","description":"TELOMERE Capital","potentialAction":[{"@type":"SearchAction","target":{"@type":"EntryPoint","urlTemplate":"https:\/\/telomere.ch\/en\/?s={search_term_string}"},"query-input":{"@type":"PropertyValueSpecification","valueRequired":true,"valueName":"search_term_string"}}],"inLanguage":"en-US"}]}},"_links":{"self":[{"href":"https:\/\/telomere.ch\/en\/wp-json\/wp\/v2\/pages\/30121","targetHints":{"allow":["GET"]}}],"collection":[{"href":"https:\/\/telomere.ch\/en\/wp-json\/wp\/v2\/pages"}],"about":[{"href":"https:\/\/telomere.ch\/en\/wp-json\/wp\/v2\/types\/page"}],"author":[{"embeddable":true,"href":"https:\/\/telomere.ch\/en\/wp-json\/wp\/v2\/users\/1"}],"replies":[{"embeddable":true,"href":"https:\/\/telomere.ch\/en\/wp-json\/wp\/v2\/comments?post=30121"}],"version-history":[{"count":23,"href":"https:\/\/telomere.ch\/en\/wp-json\/wp\/v2\/pages\/30121\/revisions"}],"predecessor-version":[{"id":45079,"href":"https:\/\/telomere.ch\/en\/wp-json\/wp\/v2\/pages\/30121\/revisions\/45079"}],"wp:attachment":[{"href":"https:\/\/telomere.ch\/en\/wp-json\/wp\/v2\/media?parent=30121"}],"curies":[{"name":"wp","href":"https:\/\/api.w.org\/{rel}","templated":true}]}}